{"id":8072,"date":"2025-07-24T09:48:48","date_gmt":"2025-07-24T07:48:48","guid":{"rendered":"https:\/\/www.aigroup.it\/information-security-policy\/"},"modified":"2025-07-24T09:50:23","modified_gmt":"2025-07-24T07:50:23","slug":"information-security-policy","status":"publish","type":"page","link":"https:\/\/www.aigroup.it\/en\/information-security-policy\/","title":{"rendered":"Information Security Policy"},"content":{"rendered":"<section class=\"l-section wpb_row us_custom_9800f45b height_medium width_full\"><div class=\"l-section-h i-cf\"><div class=\"g-cols vc_row via_grid cols_2-1 laptops-cols_inherit tablets-cols_inherit mobiles-cols_1 valign_top type_default stacking_default\"><div class=\"wpb_column vc_column_container us_custom_ee435187 image1\"><div class=\"vc_column-inner\"><div class=\"wpb_text_column us_custom_ba870b58 us_animate_this\"><div class=\"wpb_wrapper\"><h1>Information Security Policy<\/h1>\n<\/div><\/div><div class=\"ult-spacer spacer-69f1d6f505d31\" data-id=\"69f1d6f505d31\" data-height=\"30\" data-height-mobile=\"30\" data-height-tab=\"30\" data-height-tab-portrait=\"\" data-height-mobile-landscape=\"\" style=\"clear:both;display:block;\"><\/div><div class=\"wpb_text_column us_custom_0fd4be8c us_animate_this hide_on_default hide_on_laptops hide_on_tablets hide_on_mobiles\"><div class=\"wpb_wrapper\"><h6>Ai Engineering s.r.l., Societ\u00e0 d&#8217;Ingegneria e la collegata Ai Studio, Associazione Professionale adottano un Codice Etico Aziendale che contiene i principi generali di correttezza, trasparenza, legalit\u00e0 ed integrit\u00e0 morale.<\/h6>\n<h6>Tali principi rappresentano un presupposto indispensabile per lo svolgimento delle attivit\u00e0 di Ai e per il raggiungimento degli obiettivi produttivi, economici e sociali perseguiti dall&#8217;Azienda.<\/h6>\n<\/div><\/div><div class=\"ult-spacer spacer-69f1d6f506063\" data-id=\"69f1d6f506063\" data-height=\"30\" data-height-mobile=\"30\" data-height-tab=\"30\" data-height-tab-portrait=\"\" data-height-mobile-landscape=\"\" style=\"clear:both;display:block;\"><\/div><p class=\"w-text us_custom_de366d1c us_animate_this icon_atleft\"><a target=\"_blank\" href=\"\/wp-content\/uploads\/2025\/07\/PO-ISMS.001.EN-Information-Security-Policy.pdf\" class=\"w-text-h\"><i class=\"far fa-file-pdf\"><\/i><span class=\"w-text-value\">Download the Information Security Policy in pdf format<\/span><\/a><\/p><div class=\"ult-spacer spacer-69f1d6f50640a\" data-id=\"69f1d6f50640a\" data-height=\"30\" data-height-mobile=\"30\" data-height-tab=\"30\" data-height-tab-portrait=\"\" data-height-mobile-landscape=\"\" style=\"clear:both;display:block;\"><\/div><\/div><\/div><div class=\"wpb_column vc_column_container us_custom_c76d5ac6\"><div class=\"vc_column-inner\"><\/div><\/div><\/div><\/div><\/section>\n","protected":false},"excerpt":{"rendered":"Information Security Policy Ai Engineering s.r.l., Societ\u00e0 d&#8217;Ingegneria e la collegata Ai Studio, Associazione Professionale adottano un Codice Etico Aziendale che contiene i principi generali di correttezza, trasparenza, legalit\u00e0 ed integrit\u00e0 morale. Tali principi rappresentano un presupposto indispensabile per lo svolgimento delle attivit\u00e0 di Ai e per il raggiungimento degli obiettivi produttivi, economici e sociali...","protected":false},"author":1,"featured_media":0,"parent":0,"menu_order":0,"comment_status":"closed","ping_status":"closed","template":"","meta":{"_acf_changed":false,"footnotes":""},"acf":[],"yoast_head":"<!-- This site is optimized with the Yoast SEO plugin v23.0 - https:\/\/yoast.com\/wordpress\/plugins\/seo\/ -->\n<title>Information Security Policy - Ai Group<\/title>\n<meta name=\"robots\" content=\"index, follow, max-snippet:-1, max-image-preview:large, max-video-preview:-1\" \/>\n<link rel=\"canonical\" href=\"https:\/\/www.aigroup.it\/en\/information-security-policy\/\" \/>\n<meta property=\"og:locale\" content=\"en_US\" \/>\n<meta property=\"og:type\" content=\"article\" \/>\n<meta property=\"og:title\" content=\"Information Security Policy - Ai Group\" \/>\n<meta property=\"og:url\" content=\"https:\/\/www.aigroup.it\/en\/information-security-policy\/\" \/>\n<meta property=\"og:site_name\" content=\"Ai Group\" \/>\n<meta property=\"article:modified_time\" content=\"2025-07-24T07:50:23+00:00\" \/>\n<meta name=\"twitter:card\" content=\"summary_large_image\" \/>\n<meta name=\"twitter:label1\" content=\"Est. reading time\" \/>\n\t<meta name=\"twitter:data1\" content=\"2 minutes\" \/>\n<script type=\"application\/ld+json\" class=\"yoast-schema-graph\">{\"@context\":\"https:\/\/schema.org\",\"@graph\":[{\"@type\":\"WebPage\",\"@id\":\"https:\/\/www.aigroup.it\/en\/information-security-policy\/\",\"url\":\"https:\/\/www.aigroup.it\/en\/information-security-policy\/\",\"name\":\"Information Security Policy - Ai Group\",\"isPartOf\":{\"@id\":\"https:\/\/www.aigroup.it\/en\/#website\"},\"datePublished\":\"2025-07-24T07:48:48+00:00\",\"dateModified\":\"2025-07-24T07:50:23+00:00\",\"breadcrumb\":{\"@id\":\"https:\/\/www.aigroup.it\/en\/information-security-policy\/#breadcrumb\"},\"inLanguage\":\"en-US\",\"potentialAction\":[{\"@type\":\"ReadAction\",\"target\":[\"https:\/\/www.aigroup.it\/en\/information-security-policy\/\"]}]},{\"@type\":\"BreadcrumbList\",\"@id\":\"https:\/\/www.aigroup.it\/en\/information-security-policy\/#breadcrumb\",\"itemListElement\":[{\"@type\":\"ListItem\",\"position\":1,\"name\":\"Home\",\"item\":\"https:\/\/www.aigroup.it\/en\/\"},{\"@type\":\"ListItem\",\"position\":2,\"name\":\"Information Security Policy\"}]},{\"@type\":\"WebSite\",\"@id\":\"https:\/\/www.aigroup.it\/en\/#website\",\"url\":\"https:\/\/www.aigroup.it\/en\/\",\"name\":\"aigroup.it\",\"description\":\"Studio di ingegneria e architettura a Torino\",\"publisher\":{\"@id\":\"https:\/\/www.aigroup.it\/en\/#organization\"},\"potentialAction\":[{\"@type\":\"SearchAction\",\"target\":{\"@type\":\"EntryPoint\",\"urlTemplate\":\"https:\/\/www.aigroup.it\/en\/?s={search_term_string}\"},\"query-input\":\"required name=search_term_string\"}],\"inLanguage\":\"en-US\"},{\"@type\":\"Organization\",\"@id\":\"https:\/\/www.aigroup.it\/en\/#organization\",\"name\":\"Ai Group\",\"url\":\"https:\/\/www.aigroup.it\/en\/\",\"logo\":{\"@type\":\"ImageObject\",\"inLanguage\":\"en-US\",\"@id\":\"https:\/\/www.aigroup.it\/en\/#\/schema\/logo\/image\/\",\"url\":\"https:\/\/www.aigroup.it\/wp-content\/uploads\/2024\/04\/aigroup-studio-ingegneria-architettura-torino-1.png\",\"contentUrl\":\"https:\/\/www.aigroup.it\/wp-content\/uploads\/2024\/04\/aigroup-studio-ingegneria-architettura-torino-1.png\",\"width\":600,\"height\":600,\"caption\":\"Ai Group\"},\"image\":{\"@id\":\"https:\/\/www.aigroup.it\/en\/#\/schema\/logo\/image\/\"},\"sameAs\":[\"https:\/\/www.linkedin.com\/company\/ai-engineering-srl---ai-studio\/\"]}]}<\/script>\n<!-- \/ Yoast SEO plugin. -->","yoast_head_json":{"title":"Information Security Policy - Ai Group","robots":{"index":"index","follow":"follow","max-snippet":"max-snippet:-1","max-image-preview":"max-image-preview:large","max-video-preview":"max-video-preview:-1"},"canonical":"https:\/\/www.aigroup.it\/en\/information-security-policy\/","og_locale":"en_US","og_type":"article","og_title":"Information Security Policy - Ai Group","og_url":"https:\/\/www.aigroup.it\/en\/information-security-policy\/","og_site_name":"Ai Group","article_modified_time":"2025-07-24T07:50:23+00:00","twitter_card":"summary_large_image","twitter_misc":{"Est. reading time":"2 minutes"},"schema":{"@context":"https:\/\/schema.org","@graph":[{"@type":"WebPage","@id":"https:\/\/www.aigroup.it\/en\/information-security-policy\/","url":"https:\/\/www.aigroup.it\/en\/information-security-policy\/","name":"Information Security Policy - Ai Group","isPartOf":{"@id":"https:\/\/www.aigroup.it\/en\/#website"},"datePublished":"2025-07-24T07:48:48+00:00","dateModified":"2025-07-24T07:50:23+00:00","breadcrumb":{"@id":"https:\/\/www.aigroup.it\/en\/information-security-policy\/#breadcrumb"},"inLanguage":"en-US","potentialAction":[{"@type":"ReadAction","target":["https:\/\/www.aigroup.it\/en\/information-security-policy\/"]}]},{"@type":"BreadcrumbList","@id":"https:\/\/www.aigroup.it\/en\/information-security-policy\/#breadcrumb","itemListElement":[{"@type":"ListItem","position":1,"name":"Home","item":"https:\/\/www.aigroup.it\/en\/"},{"@type":"ListItem","position":2,"name":"Information Security Policy"}]},{"@type":"WebSite","@id":"https:\/\/www.aigroup.it\/en\/#website","url":"https:\/\/www.aigroup.it\/en\/","name":"aigroup.it","description":"Studio di ingegneria e architettura a Torino","publisher":{"@id":"https:\/\/www.aigroup.it\/en\/#organization"},"potentialAction":[{"@type":"SearchAction","target":{"@type":"EntryPoint","urlTemplate":"https:\/\/www.aigroup.it\/en\/?s={search_term_string}"},"query-input":"required name=search_term_string"}],"inLanguage":"en-US"},{"@type":"Organization","@id":"https:\/\/www.aigroup.it\/en\/#organization","name":"Ai Group","url":"https:\/\/www.aigroup.it\/en\/","logo":{"@type":"ImageObject","inLanguage":"en-US","@id":"https:\/\/www.aigroup.it\/en\/#\/schema\/logo\/image\/","url":"https:\/\/www.aigroup.it\/wp-content\/uploads\/2024\/04\/aigroup-studio-ingegneria-architettura-torino-1.png","contentUrl":"https:\/\/www.aigroup.it\/wp-content\/uploads\/2024\/04\/aigroup-studio-ingegneria-architettura-torino-1.png","width":600,"height":600,"caption":"Ai Group"},"image":{"@id":"https:\/\/www.aigroup.it\/en\/#\/schema\/logo\/image\/"},"sameAs":["https:\/\/www.linkedin.com\/company\/ai-engineering-srl---ai-studio\/"]}]}},"_links":{"self":[{"href":"https:\/\/www.aigroup.it\/en\/wp-json\/wp\/v2\/pages\/8072"}],"collection":[{"href":"https:\/\/www.aigroup.it\/en\/wp-json\/wp\/v2\/pages"}],"about":[{"href":"https:\/\/www.aigroup.it\/en\/wp-json\/wp\/v2\/types\/page"}],"author":[{"embeddable":true,"href":"https:\/\/www.aigroup.it\/en\/wp-json\/wp\/v2\/users\/1"}],"replies":[{"embeddable":true,"href":"https:\/\/www.aigroup.it\/en\/wp-json\/wp\/v2\/comments?post=8072"}],"version-history":[{"count":2,"href":"https:\/\/www.aigroup.it\/en\/wp-json\/wp\/v2\/pages\/8072\/revisions"}],"predecessor-version":[{"id":8074,"href":"https:\/\/www.aigroup.it\/en\/wp-json\/wp\/v2\/pages\/8072\/revisions\/8074"}],"wp:attachment":[{"href":"https:\/\/www.aigroup.it\/en\/wp-json\/wp\/v2\/media?parent=8072"}],"curies":[{"name":"wp","href":"https:\/\/api.w.org\/{rel}","templated":true}]}}